{"id":2148,"date":"2017-08-16T23:40:36","date_gmt":"2017-08-16T23:40:36","guid":{"rendered":"http:\/\/hugskref.is\/?page_id=2148"},"modified":"2021-11-25T16:26:36","modified_gmt":"2021-11-25T16:26:36","slug":"hafa-samband","status":"publish","type":"page","link":"http:\/\/hugskref.is\/?page_id=2148","title":{"rendered":"Hafa samband"},"content":{"rendered":"<p><img decoding=\"async\" loading=\"lazy\" src=\"http:\/\/hugskref.is\/wp-content\/uploads\/2015\/03\/logo-300x194.png\" alt=\"logo\" width=\"70\" height=\"45\" \/>\u00a0\u00a0 Endilega haf\u00f0u samband!<\/p>\n<p><img decoding=\"async\" loading=\"lazy\" class=\"alignright\" src=\"http:\/\/hugskref.is\/wp-content\/uploads\/2018\/08\/Hugskref-logo-st%C3%B3rt-pdf.jpg\" width=\"245\" height=\"122\" \/><\/p>\n<p>Almennar fyrirspurnir: hugskref@hugskref.is<\/p>\n<p><span style=\"color: #000000;\"><img decoding=\"async\" loading=\"lazy\" class=\"\" src=\"http:\/\/hugskref.is\/wp-content\/uploads\/2015\/03\/logo.png\" width=\"60\" height=\"39\" \/>Velkomin \u00e1 heimas\u00ed\u00f0u Hugskrefa!\u00a0 Hugskref er l\u00edti\u00f0 og pers\u00f3nulegt fyrirt\u00e6ki systra, Eddu &amp; V\u00f6lu sem sta\u00f0sett er \u00ed N\u00favitundarsetrinu og var Edda, annar eigandi Hugskrefa einn af stofnendum N\u00favitundarsetursins.<\/span><\/p>\n<p><span style=\"color: #000000;\">Hugskref byggir \u00e1 a\u00f0fer\u00f0um n\u00favitundar<\/span><span style=\"color: #000000;\">\u00a0sem mi\u00f0a a\u00f0 \u00fev\u00ed a\u00f0 stu\u00f0la a\u00f0 heilbrig\u00f0i og vell\u00ed\u00f0an. \u00a0<\/span>Vi\u00f0 bj\u00f3\u00f0um upp \u00e1: \u00a0R\u00e1\u00f0gj\u00f6f \u00ed n\u00favitund, n\u00favitundarn\u00e1mskei\u00f0, handlei\u00f0slu \u00ed n\u00favitundarkennara\u00fej\u00e1lfun, h\u00f6ldum kynningar, \u00f6rn\u00e1mskei\u00f0 og veitum s\u00e1lfr\u00e6\u00f0ime\u00f0fer\u00f0 bygg\u00f0a \u00e1 n\u00favitund.<\/p>\n","protected":false},"excerpt":{"rendered":"<p>\u00a0\u00a0 Endilega haf\u00f0u samband! Almennar fyrirspurnir: hugskref@hugskref.is Velkomin \u00e1 heimas\u00ed\u00f0u Hugskrefa!\u00a0 Hugskref er l\u00edti\u00f0 og pers\u00f3nulegt fyrirt\u00e6ki systra, Eddu &amp; V\u00f6lu sem sta\u00f0sett er \u00ed N\u00favitundarsetrinu og var Edda, annar eigandi Hugskrefa einn af stofnendum N\u00favitundarsetursins. Hugskref byggir \u00e1 a\u00f0fer\u00f0um n\u00favitundar\u00a0sem mi\u00f0a a\u00f0 \u00fev\u00ed a\u00f0 stu\u00f0la a\u00f0 heilbrig\u00f0i og vell\u00ed\u00f0an. \u00a0Vi\u00f0 bj\u00f3\u00f0um upp \u00e1: \u00a0R\u00e1\u00f0gj\u00f6f&hellip; <a class=\"more-link\" href=\"http:\/\/hugskref.is\/?page_id=2148\">Read More <span class=\"screen-reader-text\">Hafa samband<\/span><\/a><\/p>\n","protected":false},"author":1,"featured_media":2373,"parent":1310,"menu_order":0,"comment_status":"closed","ping_status":"closed","template":"","meta":[],"_links":{"self":[{"href":"http:\/\/hugskref.is\/index.php?rest_route=\/wp\/v2\/pages\/2148"}],"collection":[{"href":"http:\/\/hugskref.is\/index.php?rest_route=\/wp\/v2\/pages"}],"about":[{"href":"http:\/\/hugskref.is\/index.php?rest_route=\/wp\/v2\/types\/page"}],"author":[{"embeddable":true,"href":"http:\/\/hugskref.is\/index.php?rest_route=\/wp\/v2\/users\/1"}],"replies":[{"embeddable":true,"href":"http:\/\/hugskref.is\/index.php?rest_route=%2Fwp%2Fv2%2Fcomments&post=2148"}],"version-history":[{"count":6,"href":"http:\/\/hugskref.is\/index.php?rest_route=\/wp\/v2\/pages\/2148\/revisions"}],"predecessor-version":[{"id":2693,"href":"http:\/\/hugskref.is\/index.php?rest_route=\/wp\/v2\/pages\/2148\/revisions\/2693"}],"up":[{"embeddable":true,"href":"http:\/\/hugskref.is\/index.php?rest_route=\/wp\/v2\/pages\/1310"}],"wp:featuredmedia":[{"embeddable":true,"href":"http:\/\/hugskref.is\/index.php?rest_route=\/wp\/v2\/media\/2373"}],"wp:attachment":[{"href":"http:\/\/hugskref.is\/index.php?rest_route=%2Fwp%2Fv2%2Fmedia&parent=2148"}],"curies":[{"name":"wp","href":"https:\/\/api.w.org\/{rel}","templated":true}]}}